{"id":6,"date":"2024-03-12T18:41:23","date_gmt":"2024-03-12T17:41:23","guid":{"rendered":"https:\/\/adfcqualite.fr\/?page_id=6"},"modified":"2024-03-24T17:00:47","modified_gmt":"2024-03-24T16:00:47","slug":"site-en-maintenance","status":"publish","type":"page","link":"https:\/\/adfcqualite.fr\/","title":{"rendered":"Site en maintenance"},"content":{"rendered":"\t\t<div data-elementor-type=\"wp-page\" data-elementor-id=\"6\" class=\"elementor elementor-6\">\n\t\t\t\t<div class=\"elementor-element elementor-element-7fc98f9 e-flex e-con-boxed e-con e-parent\" data-id=\"7fc98f9\" data-element_type=\"container\" data-settings=\"{&quot;background_background&quot;:&quot;classic&quot;}\" data-core-v316-plus=\"true\">\n\t\t\t\t\t<div class=\"e-con-inner\">\n\t\t\t\t<div class=\"elementor-element elementor-element-61dc8b2 elementor-widget elementor-widget-image\" data-id=\"61dc8b2\" data-element_type=\"widget\" data-widget_type=\"image.default\">\n\t\t\t\t<div class=\"elementor-widget-container\">\n\t\t\t<style>\/*! elementor - v3.20.0 - 20-03-2024 *\/\n.elementor-widget-image{text-align:center}.elementor-widget-image a{display:inline-block}.elementor-widget-image a img[src$=\".svg\"]{width:48px}.elementor-widget-image img{vertical-align:middle;display:inline-block}<\/style>\t\t\t\t\t\t\t\t\t\t<img decoding=\"async\" width=\"1\" height=\"1\" src=\"https:\/\/adfcqualite.fr\/wp-content\/uploads\/2024\/03\/20945385.jpg\" class=\"attachment-thumbnail size-thumbnail wp-image-8\" alt=\"\" \/>\t\t\t\t\t\t\t\t\t\t\t\t\t<\/div>\n\t\t\t\t<\/div>\n\t\t\t\t<div class=\"elementor-element elementor-element-f52fef4 elementor-widget elementor-widget-heading\" data-id=\"f52fef4\" data-element_type=\"widget\" data-widget_type=\"heading.default\">\n\t\t\t\t<div class=\"elementor-widget-container\">\n\t\t\t<style>\/*! elementor - v3.20.0 - 20-03-2024 *\/\n.elementor-heading-title{padding:0;margin:0;line-height:1}.elementor-widget-heading .elementor-heading-title[class*=elementor-size-]>a{color:inherit;font-size:inherit;line-height:inherit}.elementor-widget-heading .elementor-heading-title.elementor-size-small{font-size:15px}.elementor-widget-heading .elementor-heading-title.elementor-size-medium{font-size:19px}.elementor-widget-heading .elementor-heading-title.elementor-size-large{font-size:29px}.elementor-widget-heading .elementor-heading-title.elementor-size-xl{font-size:39px}.elementor-widget-heading .elementor-heading-title.elementor-size-xxl{font-size:59px}<\/style><h1 class=\"elementor-heading-title elementor-size-default\">Site en maintenance<\/h1>\t\t<\/div>\n\t\t\t\t<\/div>\n\t\t\t\t<div class=\"elementor-element elementor-element-undefined-dde2a0a elementor-widget__width-inherit elementor-widget elementor-widget-text-editor\" data-id=\"undefined-dde2a0a\" data-element_type=\"widget\" data-widget_type=\"text-editor.default\">\n\t\t\t\t<div class=\"elementor-widget-container\">\n\t\t\t<style>\/*! elementor - v3.20.0 - 20-03-2024 *\/\n.elementor-widget-text-editor.elementor-drop-cap-view-stacked .elementor-drop-cap{background-color:#69727d;color:#fff}.elementor-widget-text-editor.elementor-drop-cap-view-framed .elementor-drop-cap{color:#69727d;border:3px solid;background-color:transparent}.elementor-widget-text-editor:not(.elementor-drop-cap-view-default) .elementor-drop-cap{margin-top:8px}.elementor-widget-text-editor:not(.elementor-drop-cap-view-default) .elementor-drop-cap-letter{width:1em;height:1em}.elementor-widget-text-editor .elementor-drop-cap{float:left;text-align:center;line-height:1;font-size:50px}.elementor-widget-text-editor .elementor-drop-cap-letter{display:inline-block}<\/style>\t\t\t\t<p>Nous sommes actuellement en train d&rsquo;effectuer des travaux de maintenance sur notre site internet afin de vous offrir une exp\u00e9rience utilisateur optimale. Nous nous excusons pour la g\u00eane occasionn\u00e9e et vous remercions de votre compr\u00e9hension.<\/p>\n<p>Bien que notre site soit en cours de maintenance, notre activit\u00e9 de conseils, d&rsquo;audits et de formation en Management QSE continue.<\/p>\n<p><br><\/p>\t\t\t\t\t\t<\/div>\n\t\t\t\t<\/div>\n\t\t\t\t\t<\/div>\n\t\t\t\t<\/div>\n\t\t<div class=\"elementor-element elementor-element-8e38fbd e-flex e-con-boxed elementor-invisible e-con e-parent\" data-id=\"8e38fbd\" data-element_type=\"container\" data-settings=\"{&quot;background_background&quot;:&quot;slideshow&quot;,&quot;background_slideshow_gallery&quot;:[{&quot;id&quot;:43,&quot;url&quot;:&quot;http:\\\/\\\/adfcqualite.fr\\\/wp-content\\\/uploads\\\/2024\\\/03\\\/\\u041c\\u043e\\u043d\\u0442\\u0430\\u0436\\u043d\\u0430\\u044f-\\u043e\\u0431\\u043b\\u0430\\u0441\\u0442\\u044c-7@3x-8.png&quot;}],&quot;animation&quot;:&quot;fadeIn&quot;,&quot;background_slideshow_slide_duration&quot;:5000,&quot;background_slideshow_slide_transition&quot;:&quot;fade&quot;,&quot;background_slideshow_transition_duration&quot;:500}\" data-core-v316-plus=\"true\">\n\t\t\t\t\t<div class=\"e-con-inner\">\n\t\t\t\t<div class=\"elementor-element elementor-element-046b42c elementor-widget__width-initial elementor-widget-mobile__width-inherit elementor-widget elementor-widget-text-editor\" data-id=\"046b42c\" data-element_type=\"widget\" data-widget_type=\"text-editor.default\">\n\t\t\t\t<div class=\"elementor-widget-container\">\n\t\t\t\t\t\t\t<p>ADFC Qualit\u00e9 Accompagne, D\u00e9veloppe, Forme et Certifie\u00a0 dans le Management QSE (Qualit\u00e9, S\u00e9curit\u00e9, Environnement). Je vous accompagne dans la mise en place de d\u00e9marches QSE performantes et adapt\u00e9es \u00e0 votre entreprise. Je vous aide \u00e0 am\u00e9liorer votre syst\u00e8me de management pour r\u00e9pondre aux exigences r\u00e9glementaires, satisfaire vos clients et parties prenantes, et ainsi renforcer votre comp\u00e9titivit\u00e9.<\/p><p style=\"color: #324a6d; font-family: Poppins, sans-serif;\">\u00a0<\/p>\t\t\t\t\t\t<\/div>\n\t\t\t\t<\/div>\n\t\t\t\t<div class=\"elementor-element elementor-element-29a1577 elementor-widget__width-initial elementor-widget-mobile__width-inherit elementor-widget elementor-widget-text-editor\" data-id=\"29a1577\" data-element_type=\"widget\" data-widget_type=\"text-editor.default\">\n\t\t\t\t<div class=\"elementor-widget-container\">\n\t\t\t\t\t\t\t<p>Notre offre de services comprend :<\/p><ul style=\"font-size: 16px; ; color: #324a6d; font-family: Poppins, sans-serif;\"><li style=\"font-size: 16px;\">Le conseil et l&rsquo;accompagnement dans la mise en place de syst\u00e8mes de management QSE (ISO 9001, ISO 14001, ISO 45001.)<\/li><li style=\"font-size: 16px;\">L&rsquo;audit et le diagnostic de votre syst\u00e8me de management actuel<\/li><li style=\"font-size: 16px;\">La formation de vos collaborateurs aux r\u00e9f\u00e9rentiels QSE et aux bonnes pratiques<\/li><li style=\"font-size: 16px;\">L&rsquo;assistance \u00e0 la ma\u00eetrise des risques et \u00e0 l&rsquo;am\u00e9lioration continue<\/li><\/ul><p style=\"color: #324a6d; font-family: Poppins, sans-serif;\">\u00a0<\/p>\t\t\t\t\t\t<\/div>\n\t\t\t\t<\/div>\n\t\t\t\t\t<\/div>\n\t\t\t\t<\/div>\n\t\t<div class=\"elementor-element elementor-element-71e2fda e-flex e-con-boxed e-con e-parent\" data-id=\"71e2fda\" data-element_type=\"container\" data-core-v316-plus=\"true\">\n\t\t\t\t\t<div class=\"e-con-inner\">\n\t\t\t\t<div class=\"elementor-element elementor-element-aa9157b elementor-widget__width-inherit elementor-widget elementor-widget-text-editor\" data-id=\"aa9157b\" data-element_type=\"widget\" data-widget_type=\"text-editor.default\">\n\t\t\t\t<div class=\"elementor-widget-container\">\n\t\t\t\t\t\t\t<p>Je suis convaincu que la performance d&rsquo;une entreprise passe par une d\u00e9marche QSE efficace et p\u00e9renne. C&rsquo;est pourquoi je mets mon expertise \u00e0 votre service pour vous aider \u00e0 atteindre vos objectifs.<\/p>\n<p>Si vous avez des questions ou si vous souhaitez prendre contact avec moi, vous pouvez envoyer un e-mail \u00e0 l&rsquo;adresse suivante : <a href=\"mailto:contact@adfcqualite.fr\">contact@adfcqualite.fr<\/a>. Je me ferais un plaisir de vous r\u00e9pondre dans les plus brefs d\u00e9lais.<\/p>\n<p>ADFC Qualit\u00e9 vous remercie pour votre confiance.&nbsp;<\/p>\n<p>Alexandre, ADFC Qualit\u00e9.<\/p>\t\t\t\t\t\t<\/div>\n\t\t\t\t<\/div>\n\t\t\t\t\t<\/div>\n\t\t\t\t<\/div>\n\t\t\t\t<\/div>\n\t\t","protected":false},"excerpt":{"rendered":"<p>Site en maintenance Nous sommes actuellement en train d&rsquo;effectuer des travaux de maintenance sur notre site internet afin de vous offrir une exp\u00e9rience utilisateur optimale. Nous nous excusons pour la g\u00eane occasionn\u00e9e et vous remercions de votre compr\u00e9hension. Bien que notre site soit en cours de maintenance, notre activit\u00e9 de conseils, d&rsquo;audits et de formation [&hellip;]<\/p>\n","protected":false},"author":1,"featured_media":0,"parent":0,"menu_order":0,"comment_status":"closed","ping_status":"closed","template":"","meta":{"footnotes":""},"class_list":["post-6","page","type-page","status-publish","hentry"],"_links":{"self":[{"href":"https:\/\/adfcqualite.fr\/index.php\/wp-json\/wp\/v2\/pages\/6","targetHints":{"allow":["GET"]}}],"collection":[{"href":"https:\/\/adfcqualite.fr\/index.php\/wp-json\/wp\/v2\/pages"}],"about":[{"href":"https:\/\/adfcqualite.fr\/index.php\/wp-json\/wp\/v2\/types\/page"}],"author":[{"embeddable":true,"href":"https:\/\/adfcqualite.fr\/index.php\/wp-json\/wp\/v2\/users\/1"}],"replies":[{"embeddable":true,"href":"https:\/\/adfcqualite.fr\/index.php\/wp-json\/wp\/v2\/comments?post=6"}],"version-history":[{"count":52,"href":"https:\/\/adfcqualite.fr\/index.php\/wp-json\/wp\/v2\/pages\/6\/revisions"}],"predecessor-version":[{"id":73,"href":"https:\/\/adfcqualite.fr\/index.php\/wp-json\/wp\/v2\/pages\/6\/revisions\/73"}],"wp:attachment":[{"href":"https:\/\/adfcqualite.fr\/index.php\/wp-json\/wp\/v2\/media?parent=6"}],"curies":[{"name":"wp","href":"https:\/\/api.w.org\/{rel}","templated":true}]}}